{"id":121,"date":"2024-03-29T16:52:52","date_gmt":"2024-03-29T15:52:52","guid":{"rendered":"https:\/\/jurko.pl\/lazienki\/?post_type=product&#038;p=121"},"modified":"2024-07-04T07:08:07","modified_gmt":"2024-07-04T05:08:07","slug":"plytka-ceramiczna-3","status":"publish","type":"product","link":"https:\/\/jurko.pl\/lazienki\/produkt\/plytka-ceramiczna-3\/","title":{"rendered":"Praline Blue"},"content":{"rendered":"<pre>Marmur w nowoczesnej ods\u0142onie.\r\nUrzeka nieskaziteln\u0105 biel\u0105, kt\u00f3r\u0105 prze\u0142amuje adriatycki b\u0142\u0119kit i z\u0142ociste u\u017cylenie<\/pre>\n","protected":false},"excerpt":{"rendered":"<p>Marmur w nowoczesnej ods\u0142onie. Urzeka nieskaziteln\u0105 biel\u0105, kt\u00f3r\u0105 prze\u0142amuje adriatycki b\u0142\u0119kit i z\u0142ociste u\u017cylenie<\/p>\n","protected":false},"featured_media":276,"template":"","meta":{"inline_featured_image":false},"product_brand":[],"product_cat":[92],"product_tag":[],"class_list":{"0":"post-121","1":"product","2":"type-product","3":"status-publish","4":"has-post-thumbnail","6":"product_cat-marmur","8":"first","9":"instock","10":"shipping-taxable","11":"product-type-simple"},"_links":{"self":[{"href":"https:\/\/jurko.pl\/lazienki\/wp-json\/wp\/v2\/product\/121","targetHints":{"allow":["GET"]}}],"collection":[{"href":"https:\/\/jurko.pl\/lazienki\/wp-json\/wp\/v2\/product"}],"about":[{"href":"https:\/\/jurko.pl\/lazienki\/wp-json\/wp\/v2\/types\/product"}],"wp:featuredmedia":[{"embeddable":true,"href":"https:\/\/jurko.pl\/lazienki\/wp-json\/wp\/v2\/media\/276"}],"wp:attachment":[{"href":"https:\/\/jurko.pl\/lazienki\/wp-json\/wp\/v2\/media?parent=121"}],"wp:term":[{"taxonomy":"product_brand","embeddable":true,"href":"https:\/\/jurko.pl\/lazienki\/wp-json\/wp\/v2\/product_brand?post=121"},{"taxonomy":"product_cat","embeddable":true,"href":"https:\/\/jurko.pl\/lazienki\/wp-json\/wp\/v2\/product_cat?post=121"},{"taxonomy":"product_tag","embeddable":true,"href":"https:\/\/jurko.pl\/lazienki\/wp-json\/wp\/v2\/product_tag?post=121"}],"curies":[{"name":"wp","href":"https:\/\/api.w.org\/{rel}","templated":true}]}}