{"id":119,"date":"2024-03-29T16:52:01","date_gmt":"2024-03-29T15:52:01","guid":{"rendered":"https:\/\/jurko.pl\/lazienki\/?post_type=product&#038;p=119"},"modified":"2024-07-04T07:08:14","modified_gmt":"2024-07-04T05:08:14","slug":"plytka-ceramiczna-2","status":"publish","type":"product","link":"https:\/\/jurko.pl\/lazienki\/produkt\/plytka-ceramiczna-2\/","title":{"rendered":"Dual white"},"content":{"rendered":"<pre>Kolekcja wyr\u00f3\u017cniaj\u0105ca si\u0119 klas\u0105, inspirowana ciep\u0142ym marmurem. Dzi\u0119ki \u015bnie\u017cnobia\u0142emu t\u0142u i stylizowanym z\u0142otym i szarym \u017cy\u0142kom nadaje przestrzeniom mieszkalnym elegancj\u0119 i jasno\u015b\u0107.<\/pre>\n<pre>Powierzchnia p\u0142ytki wyko\u0144czona jest metod\u0105 Shaped, dzi\u0119ki czemu nadaje p\u0142ytce niepowtarzalny wz\u00f3r.<\/pre>\n","protected":false},"excerpt":{"rendered":"<p>Kolekcja jest dost\u0119pna w formacie 100 x 260 cm, 100 x 180 cm, 100 x 100 cm.<\/p>\n","protected":false},"featured_media":272,"template":"","meta":{"inline_featured_image":false},"product_brand":[],"product_cat":[91,90,89],"product_tag":[],"class_list":{"0":"post-119","1":"product","2":"type-product","3":"status-publish","4":"has-post-thumbnail","6":"product_cat-100-x-100","7":"product_cat-100-x-180","8":"product_cat-100-x-260","10":"first","11":"instock","12":"shipping-taxable","13":"product-type-simple"},"_links":{"self":[{"href":"https:\/\/jurko.pl\/lazienki\/wp-json\/wp\/v2\/product\/119","targetHints":{"allow":["GET"]}}],"collection":[{"href":"https:\/\/jurko.pl\/lazienki\/wp-json\/wp\/v2\/product"}],"about":[{"href":"https:\/\/jurko.pl\/lazienki\/wp-json\/wp\/v2\/types\/product"}],"wp:featuredmedia":[{"embeddable":true,"href":"https:\/\/jurko.pl\/lazienki\/wp-json\/wp\/v2\/media\/272"}],"wp:attachment":[{"href":"https:\/\/jurko.pl\/lazienki\/wp-json\/wp\/v2\/media?parent=119"}],"wp:term":[{"taxonomy":"product_brand","embeddable":true,"href":"https:\/\/jurko.pl\/lazienki\/wp-json\/wp\/v2\/product_brand?post=119"},{"taxonomy":"product_cat","embeddable":true,"href":"https:\/\/jurko.pl\/lazienki\/wp-json\/wp\/v2\/product_cat?post=119"},{"taxonomy":"product_tag","embeddable":true,"href":"https:\/\/jurko.pl\/lazienki\/wp-json\/wp\/v2\/product_tag?post=119"}],"curies":[{"name":"wp","href":"https:\/\/api.w.org\/{rel}","templated":true}]}}