{"id":114,"date":"2024-03-29T05:33:48","date_gmt":"2024-03-29T04:33:48","guid":{"rendered":"https:\/\/jurko.pl\/lazienki\/?post_type=product&#038;p=114"},"modified":"2024-07-04T07:08:32","modified_gmt":"2024-07-04T05:08:32","slug":"plytka-ceramiczna","status":"publish","type":"product","link":"https:\/\/jurko.pl\/lazienki\/produkt\/plytka-ceramiczna\/","title":{"rendered":"Impress"},"content":{"rendered":"<p>Kolekcja ta to przeskalowany kwarcyt patago\u0144ski. Zachwyca wyrazistym wzorem jak i rozmiarem si\u0119gaj\u0105cym a\u017c 120 \u00d7 275 cm.<br \/>\nStw\u00f3rz imponuj\u0105cy akcent we wn\u0119trzach, podkre\u015blaj\u0105c oryginalno\u015b\u0107 aran\u017cacji.<\/p>\n<p>Dost\u0119pny jest r\u00f3wnie\u017c w formacie 120 \u00d7 60 i 120 \u00d7 120<\/p>\n","protected":false},"excerpt":{"rendered":"<p>Kolekcja ta to przeskalowany kwarcyt patago\u0144ski.<br \/>\nZachwyca wyrazistym wzorem jak i rozmiarem si\u0119gaj\u0105cym a\u017c 120 \u00d7 275 cm.<br \/>\nStw\u00f3rz imponuj\u0105cy akcent we wn\u0119trzach, podkre\u015blaj\u0105c oryginalno\u015b\u0107 aran\u017cacji.<\/p>\n<p>Dost\u0119pny jest r\u00f3wnie\u017c w formacie 120 \u00d7 60 i 120 \u00d7 120<\/p>\n","protected":false},"featured_media":274,"template":"","meta":{"inline_featured_image":false},"product_brand":[],"product_cat":[88,87,21],"product_tag":[],"class_list":{"0":"post-114","1":"product","2":"type-product","3":"status-publish","4":"has-post-thumbnail","6":"product_cat-120-x-120","7":"product_cat-120-x-60","8":"product_cat-kamienie-i-cegielki","10":"first","11":"instock","12":"shipping-taxable","13":"product-type-simple"},"_links":{"self":[{"href":"https:\/\/jurko.pl\/lazienki\/wp-json\/wp\/v2\/product\/114","targetHints":{"allow":["GET"]}}],"collection":[{"href":"https:\/\/jurko.pl\/lazienki\/wp-json\/wp\/v2\/product"}],"about":[{"href":"https:\/\/jurko.pl\/lazienki\/wp-json\/wp\/v2\/types\/product"}],"wp:featuredmedia":[{"embeddable":true,"href":"https:\/\/jurko.pl\/lazienki\/wp-json\/wp\/v2\/media\/274"}],"wp:attachment":[{"href":"https:\/\/jurko.pl\/lazienki\/wp-json\/wp\/v2\/media?parent=114"}],"wp:term":[{"taxonomy":"product_brand","embeddable":true,"href":"https:\/\/jurko.pl\/lazienki\/wp-json\/wp\/v2\/product_brand?post=114"},{"taxonomy":"product_cat","embeddable":true,"href":"https:\/\/jurko.pl\/lazienki\/wp-json\/wp\/v2\/product_cat?post=114"},{"taxonomy":"product_tag","embeddable":true,"href":"https:\/\/jurko.pl\/lazienki\/wp-json\/wp\/v2\/product_tag?post=114"}],"curies":[{"name":"wp","href":"https:\/\/api.w.org\/{rel}","templated":true}]}}