{"id":100,"date":"2023-08-10T19:13:59","date_gmt":"2023-08-10T17:13:59","guid":{"rendered":"https:\/\/jurko.pl\/budowlane\/?page_id=100"},"modified":"2023-08-10T19:20:40","modified_gmt":"2023-08-10T17:20:40","slug":"rodo","status":"publish","type":"page","link":"https:\/\/jurko.pl\/budowlane\/rodo\/","title":{"rendered":"Polityka prywatno\u015bci"},"content":{"rendered":"<h2>RODO<\/h2>\n<p>W zwi\u0105zku z wej\u015bciem 25 maja 2018 r. rozporz\u0105dzenia o ochronie danych &#8222;RODO&#8221;, podstawa prawna Og\u00f3lne Rozporz\u0105dzenie PE i Rady UE o ochronie danych osobowych z dnia 27 kwietnia 2016 r. art. 4 ust 7 dane b\u0119d\u0105 odpowiednio zabezpieczone za pomoc\u0105: standardowych klauzul ochrony danych przyj\u0119tych przez Komisj\u0119 Europejsk\u0105 zgodnie z art. 26 ust. 4 Dyrektywy, informujemy, \u017ce dochowujemy wszelkich stara\u0144, aby zadba\u0107 o ich bezpiecze\u0144stwo. Ponadto informujemy, \u017ce:<\/p>\n<ul>\n<li>Administratorem danych osobowych, czyli podmiotem okre\u015blaj\u0105cym cele i sposoby ich przetwarzania jest firma JURKO Sp. z o.o. Sp.K, al. Jerozolimskie 229, 02-222 Warszawa ;<\/li>\n<li>Pa\u0144stwa dane osobowe przetwarzane s\u0105 na zasadzie dobrowolno\u015bci i b\u0119d\u0105 przetwarzane tylko tak d\u0142ugo, jak d\u0142ugo s\u0105 niezb\u0119dne do realizowania bie\u017c\u0105cej b\u0105d\u017a potencjalnej wsp\u00f3\u0142pracy;<\/li>\n<li>Podstaw\u0105 prawn\u0105 przetwarzania Pa\u0144stwa danych osobowych jest prowadzenie dzia\u0142a\u0144 informacyjnych zwi\u0105zanych z realizacj\u0105 naszej bie\u017c\u0105cej b\u0105d\u017a potencjalnej wsp\u00f3\u0142pracy;<\/li>\n<\/ul>\n","protected":false},"excerpt":{"rendered":"<p>RODO W zwi\u0105zku z wej\u015bciem 25 maja 2018 r. rozporz\u0105dzenia o ochronie danych &#8222;RODO&#8221;, podstawa prawna Og\u00f3lne Rozporz\u0105dzenie PE i Rady UE o ochronie danych osobowych z dnia 27 kwietnia 2016 r. art. 4 ust 7 dane b\u0119d\u0105 odpowiednio zabezpieczone za pomoc\u0105: standardowych klauzul ochrony danych przyj\u0119tych przez Komisj\u0119 Europejsk\u0105 zgodnie z art. 26 ust&#8230;.<\/p>\n","protected":false},"author":2,"featured_media":0,"parent":0,"menu_order":0,"comment_status":"closed","ping_status":"closed","template":"","meta":{"inline_featured_image":false,"footnotes":""},"class_list":["post-100","page","type-page","status-publish","hentry"],"_links":{"self":[{"href":"https:\/\/jurko.pl\/budowlane\/wp-json\/wp\/v2\/pages\/100","targetHints":{"allow":["GET"]}}],"collection":[{"href":"https:\/\/jurko.pl\/budowlane\/wp-json\/wp\/v2\/pages"}],"about":[{"href":"https:\/\/jurko.pl\/budowlane\/wp-json\/wp\/v2\/types\/page"}],"author":[{"embeddable":true,"href":"https:\/\/jurko.pl\/budowlane\/wp-json\/wp\/v2\/users\/2"}],"replies":[{"embeddable":true,"href":"https:\/\/jurko.pl\/budowlane\/wp-json\/wp\/v2\/comments?post=100"}],"version-history":[{"count":8,"href":"https:\/\/jurko.pl\/budowlane\/wp-json\/wp\/v2\/pages\/100\/revisions"}],"predecessor-version":[{"id":109,"href":"https:\/\/jurko.pl\/budowlane\/wp-json\/wp\/v2\/pages\/100\/revisions\/109"}],"wp:attachment":[{"href":"https:\/\/jurko.pl\/budowlane\/wp-json\/wp\/v2\/media?parent=100"}],"curies":[{"name":"wp","href":"https:\/\/api.w.org\/{rel}","templated":true}]}}